{"id":7,"date":"2025-06-04T17:08:11","date_gmt":"2025-06-04T17:08:11","guid":{"rendered":"https:\/\/manteniclic.tekaclic.com\/?page_id=7"},"modified":"2025-06-07T18:25:02","modified_gmt":"2025-06-07T18:25:02","slug":"inicio","status":"publish","type":"page","link":"https:\/\/manteniclic.tekaclic.com\/","title":{"rendered":"Inicio"},"content":{"rendered":"<p>[et_pb_section fb_built=&#8221;1&#8243; custom_padding_last_edited=&#8221;off|desktop&#8221; admin_label=&#8221;Header&#8221; _builder_version=&#8221;4.15.1&#8243; background_color=&#8221;#294bed&#8221; background_image=&#8221;https:\/\/manteniclic.tekaclic.com\/wp-content\/uploads\/2025\/06\/mobile-app_89.png&#8221; background_position=&#8221;bottom_center&#8221; overflow-x=&#8221;hidden&#8221; overflow-y=&#8221;hidden&#8221; global_colors_info=&#8221;{}&#8221;][et_pb_row column_structure=&#8221;1_2,1_2&#8243; _builder_version=&#8221;4.15&#8243; max_width=&#8221;none&#8221; overflow-x=&#8221;visible&#8221; overflow-y=&#8221;visible&#8221; global_colors_info=&#8221;{}&#8221;][et_pb_column type=&#8221;1_2&#8243; _builder_version=&#8221;4.15&#8243; custom_padding=&#8221;7vw||100px||false|false&#8221; custom_padding_tablet=&#8221;0px||0px||true|false&#8221; custom_padding_phone=&#8221;&#8221; custom_padding_last_edited=&#8221;on|tablet&#8221; global_colors_info=&#8221;{}&#8221;][et_pb_text _builder_version=&#8221;4.15&#8243; text_font=&#8221;|600|||||||&#8221; text_font_size=&#8221;18px&#8221; text_line_height=&#8221;2em&#8221; header_font=&#8221;IBM Plex Sans Condensed|700|||||||&#8221; header_font_size=&#8221;6vw&#8221; header_line_height=&#8221;1.2em&#8221; background_layout=&#8221;dark&#8221; text_font_size_tablet=&#8221;16px&#8221; text_font_size_phone=&#8221;14px&#8221; text_font_size_last_edited=&#8221;on|phone&#8221; header_font_size_tablet=&#8221;50px&#8221; header_font_size_phone=&#8221;36px&#8221; header_font_size_last_edited=&#8221;on|phone&#8221; locked=&#8221;off&#8221; global_colors_info=&#8221;{}&#8221;]<\/p>\n<h1>Manteniclic<\/h1>\n<p>Gesti\u00f3n de mantenimiento con tan solo un \u00a1clic!<\/p>\n<p>[\/et_pb_text][et_pb_button button_url=&#8221;#&#8221; button_text=&#8221;Conocer m\u00e1s&#8221; _builder_version=&#8221;4.15.1&#8243; custom_button=&#8221;on&#8221; button_text_size=&#8221;16px&#8221; button_text_color=&#8221;#ffffff&#8221; button_bg_color=&#8221;#dca383&#8243; button_bg_use_color_gradient=&#8221;on&#8221; button_bg_color_gradient_start=&#8221;#3874ff&#8221; button_bg_color_gradient_end=&#8221;#000000&#8243; button_bg_color_gradient_direction=&#8221;89deg&#8221; button_border_width=&#8221;0px&#8221; button_border_radius=&#8221;4px&#8221; button_letter_spacing=&#8221;0px&#8221; button_font=&#8221;|700|||||||&#8221; button_icon=&#8221;&#x3f;||divi||400&#8243; button_icon_color=&#8221;#FFFFFF&#8221; button_on_hover=&#8221;off&#8221; custom_padding=&#8221;16px|30px|16px|30px|true|true&#8221; box_shadow_style=&#8221;preset3&#8243; box_shadow_vertical=&#8221;20px&#8221; box_shadow_blur=&#8221;40px&#8221; box_shadow_spread=&#8221;0px&#8221; box_shadow_color=&#8221;rgba(252,160,177,0.7)&#8221; locked=&#8221;off&#8221; global_colors_info=&#8221;{}&#8221;][\/et_pb_button][\/et_pb_column][et_pb_column type=&#8221;1_2&#8243; _builder_version=&#8221;4.15&#8243; global_colors_info=&#8221;{}&#8221;][et_pb_image src=&#8221;https:\/\/manteniclic.tekaclic.com\/wp-content\/uploads\/2025\/06\/1.jpeg&#8221; title_text=&#8221;1&#8243; align=&#8221;right&#8221; _builder_version=&#8221;4.15.1&#8243; transform_translate=&#8221;15%|3%&#8221; transform_translate_linked=&#8221;off&#8221; transform_rotate=&#8221;0deg|0deg|39deg&#8221; max_height_tablet=&#8221;600px&#8221; max_height_phone=&#8221;400px&#8221; max_height_last_edited=&#8221;on|phone&#8221; custom_margin=&#8221;-40%|||-20%|false|false&#8221; custom_margin_tablet=&#8221;|0vw|0%||false|false&#8221; custom_margin_phone=&#8221;&#8221; custom_margin_last_edited=&#8221;on|tablet&#8221; global_colors_info=&#8221;{}&#8221;][\/et_pb_image][\/et_pb_column][\/et_pb_row][\/et_pb_section][et_pb_section fb_built=&#8221;1&#8243; fullwidth=&#8221;on&#8221; _builder_version=&#8221;4.15.1&#8243; _module_preset=&#8221;default&#8221; hover_enabled=&#8221;0&#8243; global_colors_info=&#8221;{}&#8221; sticky_enabled=&#8221;0&#8243;][et_pb_fullwidth_code _builder_version=&#8221;4.15.1&#8243; _module_preset=&#8221;default&#8221; hover_enabled=&#8221;0&#8243; global_colors_info=&#8221;{}&#8221; sticky_enabled=&#8221;0&#8243;]<iframe loading=\"lazy\" width=\"875\" height=\"492\" src=\"https:\/\/www.youtube.com\/embed\/Xw4BYlPw55g?autoplay=1&#038;loop=1&#038;playlist=Xw4BYlPw55g\" title=\"APP ManteniClic \u00bfQu\u00e9 hace?\" frameborder=\"0\" allow=\"accelerometer; autoplay; clipboard-write; encrypted-media; gyroscope; picture-in-picture; web-share\" referrerpolicy=\"strict-origin-when-cross-origin\" allowfullscreen><\/iframe>[\/et_pb_fullwidth_code][\/et_pb_section][et_pb_section fb_built=&#8221;1&#8243; custom_padding_last_edited=&#8221;off|desktop&#8221; admin_label=&#8221;Services&#8221; _builder_version=&#8221;4.15&#8243; custom_padding=&#8221;||||false|false&#8221; custom_padding_tablet=&#8221;0px||0px||true|false&#8221; global_colors_info=&#8221;{}&#8221;][et_pb_row column_structure=&#8221;1_3,1_3,1_3&#8243; _builder_version=&#8221;4.15&#8243; width=&#8221;79.6%&#8221; link_option_url=&#8221;#&#8221; global_colors_info=&#8221;{}&#8221;][et_pb_column type=&#8221;1_3&#8243; _builder_version=&#8221;4.15&#8243; global_colors_info=&#8221;{}&#8221;][et_pb_blurb title=&#8221;Informaci\u00f3n organizada&#8221; image=&#8221;https:\/\/manteniclic.tekaclic.com\/wp-content\/uploads\/2025\/06\/mobile-app-icon-1.png&#8221; icon_alignment=&#8221;left&#8221; _builder_version=&#8221;4.15&#8243; header_level=&#8221;h3&#8243; header_font=&#8221;IBM Plex Sans Condensed|700|||||||&#8221; header_font_size=&#8221;24px&#8221; header_line_height=&#8221;1.2em&#8221; body_font_size=&#8221;16px&#8221; body_line_height=&#8221;1.8em&#8221; link_option_url=&#8221;#&#8221; header_font_size_tablet=&#8221;&#8221; header_font_size_phone=&#8221;20px&#8221; header_font_size_last_edited=&#8221;on|phone&#8221; border_color_all_image=&#8221;#0C71C3&#8243; global_colors_info=&#8221;{}&#8221;]<\/p>\n<p>Con manteniclic toda la informaci\u00f3n de mantenimiento estar\u00e1 simpre organizada, gracias a su gesti\u00f3n \u00e1gil de reportes y actividades mediante el uso de im\u00e1genes, v\u00eddeos e inteligencia artificial, que te permitir\u00e1n el r\u00e1pido y preciso acceso a la informaci\u00f3n.<\/p>\n<p>[\/et_pb_blurb][\/et_pb_column][et_pb_column type=&#8221;1_3&#8243; _builder_version=&#8221;4.15&#8243; global_colors_info=&#8221;{}&#8221;][et_pb_blurb title=&#8221;Reportes confiables con un solo clic&#8221; image=&#8221;https:\/\/manteniclic.tekaclic.com\/wp-content\/uploads\/2025\/06\/mobile-app-icon-3.png&#8221; icon_alignment=&#8221;left&#8221; _builder_version=&#8221;4.15.1&#8243; header_level=&#8221;h3&#8243; header_font=&#8221;IBM Plex Sans Condensed|700|||||||&#8221; header_font_size=&#8221;24px&#8221; header_line_height=&#8221;1.2em&#8221; body_font_size=&#8221;16px&#8221; body_line_height=&#8221;1.8em&#8221; link_option_url=&#8221;#&#8221; header_font_size_tablet=&#8221;&#8221; header_font_size_phone=&#8221;20px&#8221; header_font_size_last_edited=&#8221;on|phone&#8221; global_colors_info=&#8221;{}&#8221;]<\/p>\n<p>Manteniclic est\u00e1 optimizado para solicitar informaci\u00f3n necesaria y acelerar los procesos de reporte de informaci\u00f3n. La confiabilidad se brinda a trav\u00e9s del uso de im\u00e1genes y v\u00eddeos en los flujos de mantenimiento, los cuales permiten dar medir el proceso.<\/p>\n<p>[\/et_pb_blurb][\/et_pb_column][et_pb_column type=&#8221;1_3&#8243; _builder_version=&#8221;4.15&#8243; global_colors_info=&#8221;{}&#8221;][et_pb_blurb title=&#8221;Mantenimientos con IA&#8221; image=&#8221;https:\/\/manteniclic.tekaclic.com\/wp-content\/uploads\/2025\/06\/mobile-app-icon-4.png&#8221; icon_alignment=&#8221;left&#8221; _builder_version=&#8221;4.15&#8243; header_level=&#8221;h3&#8243; header_font=&#8221;IBM Plex Sans Condensed|700|||||||&#8221; header_font_size=&#8221;24px&#8221; header_line_height=&#8221;1.2em&#8221; body_font_size=&#8221;16px&#8221; body_line_height=&#8221;1.8em&#8221; link_option_url=&#8221;#&#8221; header_font_size_tablet=&#8221;&#8221; header_font_size_phone=&#8221;20px&#8221; header_font_size_last_edited=&#8221;on|phone&#8221; global_colors_info=&#8221;{}&#8221;]<\/p>\n<p>Manteniclic cuenta con una optmizaci\u00f3n de inteligencia articial que te permite realizar b\u00fasquedas mucho m\u00e1s eficientes, generar alertas y brindar recomendaciones sobre el proceso que se est\u00e1 llevando acabo en la operaci\u00f3n.<\/p>\n<p>[\/et_pb_blurb][\/et_pb_column][\/et_pb_row][\/et_pb_section][et_pb_section fb_built=&#8221;1&#8243; specialty=&#8221;on&#8221; custom_padding_last_edited=&#8221;off|tablet&#8221; admin_label=&#8221;Features&#8221; _builder_version=&#8221;4.15&#8243; custom_padding=&#8221;||||true&#8221; global_colors_info=&#8221;{}&#8221;][et_pb_column type=&#8221;1_2&#8243; _builder_version=&#8221;4.15&#8243; custom_padding=&#8221;|||&#8221; global_colors_info=&#8221;{}&#8221; custom_padding__hover=&#8221;|||&#8221;][et_pb_image src=&#8221;https:\/\/manteniclic.tekaclic.com\/wp-content\/uploads\/2025\/06\/5.jpeg&#8221; title_text=&#8221;5&#8243; align=&#8221;center&#8221; _builder_version=&#8221;4.15.1&#8243; background_enable_image=&#8221;off&#8221; width=&#8221;100%&#8221; max_width=&#8221;64%&#8221; custom_margin=&#8221;||||false|false&#8221; custom_margin_tablet=&#8221;|||0vw|false|false&#8221; custom_margin_phone=&#8221;|||0vw|false|false&#8221; custom_margin_last_edited=&#8221;off|desktop&#8221; global_colors_info=&#8221;{}&#8221;][\/et_pb_image][\/et_pb_column][et_pb_column type=&#8221;1_2&#8243; specialty_columns=&#8221;2&#8243; _builder_version=&#8221;4.15&#8243; custom_padding=&#8221;|||&#8221; global_colors_info=&#8221;{}&#8221; custom_padding__hover=&#8221;|||&#8221;][et_pb_row_inner custom_padding_last_edited=&#8221;off|desktop&#8221; _builder_version=&#8221;4.15&#8243; custom_padding_tablet=&#8221;0px||||false|false&#8221; global_colors_info=&#8221;{}&#8221;][et_pb_column_inner saved_specialty_column_type=&#8221;1_2&#8243; _builder_version=&#8221;4.15&#8243; global_colors_info=&#8221;{}&#8221;][et_pb_text _builder_version=&#8221;4.15&#8243; text_font_size=&#8221;16px&#8221; text_line_height=&#8221;1.8em&#8221; header_2_font=&#8221;IBM Plex Sans Condensed|700|||||||&#8221; header_2_font_size=&#8221;50px&#8221; header_2_line_height=&#8221;1.2em&#8221; max_width=&#8221;800px&#8221; header_2_font_size_tablet=&#8221;40px&#8221; header_2_font_size_phone=&#8221;30px&#8221; header_2_font_size_last_edited=&#8221;on|desktop&#8221; locked=&#8221;off&#8221; global_colors_info=&#8221;{}&#8221;]<\/p>\n<h2>Funciona en APP o en Computador<\/h2>\n<p>Manteniclic es multiplataforma, est\u00e1 hecho para usarlo como mejor se ajuste a ti.<\/p>\n<p>Queremos cambiar la forma en que se gestiona el Mantenimiento. Conocemos a profundidad la operatividad en el d\u00eda a d\u00eda junto con lo valioso que es obtener la informaci\u00f3n en tiempo real para tomar decisiones oportunas.<\/p>\n<p>Eso por que, Manteniclic soluciona los procesos de mantenimiento volviendolos m\u00e1s simples y eficientes.<\/p>\n<p>&nbsp;<\/p>\n<p>[\/et_pb_text][\/et_pb_column_inner][\/et_pb_row_inner][\/et_pb_column][\/et_pb_section][et_pb_section fb_built=&#8221;1&#8243; specialty=&#8221;on&#8221; _builder_version=&#8221;4.15.1&#8243; _module_preset=&#8221;default&#8221; global_colors_info=&#8221;{}&#8221;][et_pb_column type=&#8221;1_2&#8243; _builder_version=&#8221;4.15&#8243; custom_padding=&#8221;|||&#8221; global_colors_info=&#8221;{}&#8221; custom_padding__hover=&#8221;|||&#8221;][et_pb_text _builder_version=&#8221;4.15.1&#8243; text_font_size=&#8221;16px&#8221; text_line_height=&#8221;1.8em&#8221; header_2_font=&#8221;IBM Plex Sans Condensed|700|||||||&#8221; header_2_font_size=&#8221;6vw&#8221; header_2_line_height=&#8221;1.2em&#8221; background_layout=&#8221;dark&#8221; hover_enabled=&#8221;0&#8243; header_2_font_size_tablet=&#8221;60px&#8221; header_2_font_size_phone=&#8221;50px&#8221; header_2_font_size_last_edited=&#8221;on|phone&#8221; locked=&#8221;off&#8221; global_colors_info=&#8221;{}&#8221; sticky_enabled=&#8221;0&#8243;]<\/p>\n<h2><span style=\"color: #000000;\">M\u00e1s de mil descargas en Google<\/span><\/h2>\n<p>Contamos con m\u00e1s de 1000 descargas<\/p>\n<p>[\/et_pb_text][\/et_pb_column][et_pb_column type=&#8221;1_2&#8243; specialty_columns=&#8221;2&#8243; _builder_version=&#8221;4.15&#8243; custom_padding=&#8221;|||&#8221; global_colors_info=&#8221;{}&#8221; custom_padding__hover=&#8221;|||&#8221;][et_pb_row_inner _builder_version=&#8221;4.15.1&#8243; _module_preset=&#8221;default&#8221; global_colors_info=&#8221;{}&#8221;][et_pb_column_inner saved_specialty_column_type=&#8221;1_2&#8243; _builder_version=&#8221;4.15.1&#8243; _module_preset=&#8221;default&#8221; global_colors_info=&#8221;{}&#8221;][et_pb_code _builder_version=&#8221;4.15.1&#8243; _module_preset=&#8221;default&#8221; hover_enabled=&#8221;0&#8243; global_colors_info=&#8221;{}&#8221; sticky_enabled=&#8221;0&#8243;]<a href='https:\/\/play.google.com\/store\/apps\/details?id=com.tekaclic.appmanteniclic&#038;pcampaignid=pcampaignidMKT-Other-global-all-co-prtnr-py-PartBadge-Mar2515-1'><img alt='Disponible en Google Play' src='https:\/\/play.google.com\/intl\/en_us\/badges\/static\/images\/badges\/es-419_badge_web_generic.png'\/><\/a>[\/et_pb_code][et_pb_code _builder_version=&#8221;4.15.1&#8243; _module_preset=&#8221;default&#8221; hover_enabled=&#8221;0&#8243; global_colors_info=&#8221;{}&#8221; sticky_enabled=&#8221;0&#8243;]<iframe loading=\"lazy\" width=\"875\" height=\"492\" src=\"https:\/\/res.cloudinary.com\/dpapimboj\/video\/upload\/v1749059179\/Manteniclic_Prelanzamiento_l9ljgg.mp4\" title=\"APP ManteniClic \u00bfQu\u00e9 hace?\" frameborder=\"0\" allow=\"accelerometer; autoplay; clipboard-write; encrypted-media; gyroscope; picture-in-picture; web-share\" referrerpolicy=\"strict-origin-when-cross-origin\" allowfullscreen><\/iframe>[\/et_pb_code][\/et_pb_column_inner][\/et_pb_row_inner][\/et_pb_column][\/et_pb_section][et_pb_section fb_built=&#8221;1&#8243; custom_padding_last_edited=&#8221;off|desktop&#8221; admin_label=&#8221;Download&#8221; _builder_version=&#8221;4.15&#8243; custom_padding=&#8221;||||false&#8221; custom_padding_tablet=&#8221;0px||0px||true|false&#8221; global_colors_info=&#8221;{}&#8221;][et_pb_row column_structure=&#8221;1_2,1_2&#8243; make_equal=&#8221;on&#8221; _builder_version=&#8221;4.15&#8243; width=&#8221;100%&#8221; width_tablet=&#8221;80%&#8221; width_phone=&#8221;&#8221; width_last_edited=&#8221;on|tablet&#8221; max_width=&#8221;none&#8221; global_colors_info=&#8221;{}&#8221;][et_pb_column type=&#8221;1_2&#8243; _builder_version=&#8221;4.15&#8243; global_colors_info=&#8221;{}&#8221;][et_pb_image src=&#8221;https:\/\/manteniclic.tekaclic.com\/wp-content\/uploads\/2025\/06\/19.jpeg&#8221; title_text=&#8221;19&#8243; align=&#8221;center&#8221; _builder_version=&#8221;4.15.1&#8243; background_enable_image=&#8221;off&#8221; width=&#8221;100%&#8221; max_width=&#8221;64%&#8221; custom_margin=&#8221;||||false|false&#8221; custom_margin_tablet=&#8221;|||0vw|false|false&#8221; custom_margin_phone=&#8221;|||0vw|false|false&#8221; custom_margin_last_edited=&#8221;off|desktop&#8221; hover_enabled=&#8221;0&#8243; global_colors_info=&#8221;{}&#8221; sticky_enabled=&#8221;0&#8243;][\/et_pb_image][\/et_pb_column][et_pb_column type=&#8221;1_2&#8243; _builder_version=&#8221;4.15&#8243; global_colors_info=&#8221;{}&#8221;][et_pb_image src=&#8221;https:\/\/manteniclic.tekaclic.com\/wp-content\/uploads\/2025\/06\/mobile-app_60.jpg&#8221; _builder_version=&#8221;4.15&#8243; positioning=&#8221;absolute&#8221; vertical_offset=&#8221;-7%&#8221; horizontal_offset=&#8221;-36%&#8221; width=&#8221;36%&#8221; border_radii=&#8221;on|28px|28px|28px|28px&#8221; box_shadow_style=&#8221;preset1&#8243; box_shadow_vertical=&#8221;48px&#8221; box_shadow_blur=&#8221;48px&#8221; box_shadow_color=&#8221;rgba(100,146,188,0.2)&#8221; global_colors_info=&#8221;{}&#8221;][\/et_pb_image][et_pb_image src=&#8221;https:\/\/manteniclic.tekaclic.com\/wp-content\/uploads\/2025\/06\/mobile-app_62.jpg&#8221; _builder_version=&#8221;4.15&#8243; positioning=&#8221;absolute&#8221; position_origin_a=&#8221;top_right&#8221; vertical_offset=&#8221;32%&#8221; horizontal_offset=&#8221;12%&#8221; width=&#8221;29%&#8221; border_radii=&#8221;on|28px|28px|28px|28px&#8221; box_shadow_style=&#8221;preset1&#8243; box_shadow_vertical=&#8221;48px&#8221; box_shadow_blur=&#8221;48px&#8221; box_shadow_color=&#8221;rgba(100,146,188,0.2)&#8221; global_colors_info=&#8221;{}&#8221;][\/et_pb_image][et_pb_image src=&#8221;https:\/\/manteniclic.tekaclic.com\/wp-content\/uploads\/2025\/06\/mobile-app_61.jpg&#8221; _builder_version=&#8221;4.15&#8243; positioning=&#8221;absolute&#8221; vertical_offset=&#8221;83%&#8221; horizontal_offset=&#8221;-23%&#8221; width=&#8221;21%&#8221; border_radii=&#8221;on|28px|28px|28px|28px&#8221; box_shadow_style=&#8221;preset1&#8243; box_shadow_vertical=&#8221;48px&#8221; box_shadow_blur=&#8221;48px&#8221; box_shadow_color=&#8221;rgba(100,146,188,0.2)&#8221; global_colors_info=&#8221;{}&#8221;][\/et_pb_image][et_pb_image src=&#8221;https:\/\/manteniclic.tekaclic.com\/wp-content\/uploads\/2025\/06\/Taller-PDF.jpeg&#8221; title_text=&#8221;Taller PDF&#8221; _builder_version=&#8221;4.15.1&#8243; positioning=&#8221;relative&#8221; vertical_offset=&#8221;12%&#8221; horizontal_offset=&#8221;8%&#8221; width=&#8221;40%&#8221; border_radii=&#8221;on|28px|28px|28px|28px&#8221; border_width_all=&#8221;14px&#8221; border_color_all=&#8221;#ffffff&#8221; box_shadow_style=&#8221;preset1&#8243; box_shadow_vertical=&#8221;48px&#8221; box_shadow_blur=&#8221;48px&#8221; box_shadow_color=&#8221;rgba(100,146,188,0.2)&#8221; global_colors_info=&#8221;{}&#8221;][\/et_pb_image][\/et_pb_column][\/et_pb_row][\/et_pb_section][et_pb_section fb_built=&#8221;1&#8243; admin_label=&#8221;Features&#8221; _builder_version=&#8221;4.15&#8243; overflow-x=&#8221;hidden&#8221; overflow-y=&#8221;hidden&#8221; custom_padding=&#8221;8vw||||false|false&#8221; global_colors_info=&#8221;{}&#8221;][et_pb_row column_structure=&#8221;2_5,3_5&#8243; _builder_version=&#8221;4.15&#8243; global_colors_info=&#8221;{}&#8221;][et_pb_column type=&#8221;2_5&#8243; _builder_version=&#8221;4.15&#8243; z_index=&#8221;20&#8243; global_colors_info=&#8221;{}&#8221;][\/et_pb_column][et_pb_column type=&#8221;3_5&#8243; _builder_version=&#8221;4.15&#8243; global_colors_info=&#8221;{}&#8221;][et_pb_text _builder_version=&#8221;4.15&#8243; text_font_size=&#8221;16px&#8221; text_line_height=&#8221;1.8em&#8221; header_2_font=&#8221;IBM Plex Sans Condensed|700|||||||&#8221; header_2_font_size=&#8221;50px&#8221; header_2_line_height=&#8221;1.2em&#8221; header_2_font_size_tablet=&#8221;40px&#8221; header_2_font_size_phone=&#8221;30px&#8221; header_2_font_size_last_edited=&#8221;on|desktop&#8221; locked=&#8221;off&#8221; global_colors_info=&#8221;{}&#8221;]<\/p>\n<h2>Gestione colaboradores<\/h2>\n<p>Gestione el mantenimiento con todo su equipo de trabajo.<\/p>\n<p>&nbsp;<\/p>\n<p>[\/et_pb_text][et_pb_image src=&#8221;https:\/\/manteniclic.tekaclic.com\/wp-content\/uploads\/2025\/06\/7.jpeg&#8221; title_text=&#8221;7&#8243; _builder_version=&#8221;4.15.1&#8243; transform_scale=&#8221;78%|78%&#8221; transform_translate=&#8221;4px|-33px&#8221; width=&#8221;186.6%&#8221; max_width=&#8221;99%&#8221; custom_margin=&#8221;-8vw|-32vw||-20vw|false|false&#8221; custom_margin_tablet=&#8221;|0vw||0vw|false|false&#8221; custom_margin_phone=&#8221;&#8221; custom_margin_last_edited=&#8221;on|tablet&#8221; global_colors_info=&#8221;{}&#8221;][\/et_pb_image][\/et_pb_column][\/et_pb_row][\/et_pb_section][et_pb_section fb_built=&#8221;1&#8243; admin_label=&#8221;Footer&#8221; _builder_version=&#8221;4.15.1&#8243; background_color=&#8221;#294bed&#8221; background_image=&#8221;https:\/\/manteniclic.tekaclic.com\/wp-content\/uploads\/2025\/06\/mobile-app_85.png&#8221; background_position=&#8221;top_center&#8221; custom_margin=&#8221;8vw||||false|false&#8221; custom_margin_tablet=&#8221;0px||||false|false&#8221; custom_margin_last_edited=&#8221;off|desktop&#8221; custom_padding=&#8221;||8vw||false|false&#8221; global_colors_info=&#8221;{}&#8221;][et_pb_row column_structure=&#8221;1_2,1_2&#8243; _builder_version=&#8221;4.15&#8243; max_width=&#8221;none&#8221; global_colors_info=&#8221;{}&#8221;][et_pb_column type=&#8221;1_2&#8243; _builder_version=&#8221;4.15&#8243; global_colors_info=&#8221;{}&#8221;][et_pb_image src=&#8221;https:\/\/manteniclic.tekaclic.com\/wp-content\/uploads\/2025\/06\/5.jpeg&#8221; title_text=&#8221;5&#8243; _builder_version=&#8221;4.15.1&#8243; positioning=&#8221;relative&#8221; vertical_offset=&#8221;6vw&#8221; horizontal_offset=&#8221;-28%&#8221; vertical_offset_tablet=&#8221;0vw&#8221; vertical_offset_phone=&#8221;&#8221; vertical_offset_last_edited=&#8221;on|phone&#8221; horizontal_offset_tablet=&#8221;-27%&#8221; horizontal_offset_phone=&#8221;&#8221; horizontal_offset_last_edited=&#8221;on|tablet&#8221; width=&#8221;49%&#8221; border_radii=&#8221;on|3vw|3vw|3vw|3vw&#8221; border_width_all=&#8221;1.2vw&#8221; border_color_all=&#8221;#ffffff&#8221; box_shadow_style=&#8221;preset1&#8243; box_shadow_vertical=&#8221;64px&#8221; box_shadow_blur=&#8221;64px&#8221; box_shadow_color=&#8221;rgba(1,6,17,0.16)&#8221; global_colors_info=&#8221;{}&#8221;][\/et_pb_image][et_pb_image src=&#8221;https:\/\/manteniclic.tekaclic.com\/wp-content\/uploads\/2025\/06\/Actividad-PDF.jpeg&#8221; title_text=&#8221;Actividad PDF&#8221; _builder_version=&#8221;4.15.1&#8243; positioning=&#8221;absolute&#8221; position_origin_a=&#8221;top_right&#8221; vertical_offset=&#8221;-28%&#8221; z_index=&#8221;1&#8243; width=&#8221;61%&#8221; border_radii=&#8221;on|4vw|4vw|4vw|4vw&#8221; border_width_all=&#8221;1.5vw&#8221; border_color_all=&#8221;#ffffff&#8221; box_shadow_style=&#8221;preset1&#8243; box_shadow_vertical=&#8221;64px&#8221; box_shadow_blur=&#8221;64px&#8221; box_shadow_color=&#8221;rgba(1,6,17,0.16)&#8221; global_colors_info=&#8221;{}&#8221;][\/et_pb_image][et_pb_image src=&#8221;https:\/\/manteniclic.tekaclic.com\/wp-content\/uploads\/2025\/06\/OT-PDF.jpeg&#8221; title_text=&#8221;OT PDF&#8221; _builder_version=&#8221;4.15.1&#8243; positioning=&#8221;absolute&#8221; vertical_offset=&#8221;-5%&#8221; horizontal_offset=&#8221;15%&#8221; width=&#8221;38%&#8221; border_radii=&#8221;on|4vw|4vw|4vw|4vw&#8221; border_width_all=&#8221;1vw&#8221; border_color_all=&#8221;#ffffff&#8221; box_shadow_style=&#8221;preset1&#8243; box_shadow_vertical=&#8221;64px&#8221; box_shadow_blur=&#8221;64px&#8221; box_shadow_color=&#8221;rgba(1,6,17,0.16)&#8221; global_colors_info=&#8221;{}&#8221;][\/et_pb_image][\/et_pb_column][et_pb_column type=&#8221;1_2&#8243; _builder_version=&#8221;4.15&#8243; custom_padding=&#8221;8vw||||false|false&#8221; custom_padding_tablet=&#8221;0px||||false|false&#8221; custom_padding_last_edited=&#8221;off|desktop&#8221; global_colors_info=&#8221;{}&#8221;][et_pb_text _builder_version=&#8221;4.15.1&#8243; text_font_size=&#8221;16px&#8221; text_line_height=&#8221;1.8em&#8221; header_2_font=&#8221;IBM Plex Sans Condensed|700|||||||&#8221; header_2_font_size=&#8221;6vw&#8221; header_2_line_height=&#8221;1.2em&#8221; background_layout=&#8221;dark&#8221; header_2_font_size_tablet=&#8221;60px&#8221; header_2_font_size_phone=&#8221;50px&#8221; header_2_font_size_last_edited=&#8221;on|phone&#8221; locked=&#8221;off&#8221; global_colors_info=&#8221;{}&#8221;]<\/p>\n<h2>Cont\u00e1ctanos<\/h2>\n<p>Descubre Manteniclic<\/p>\n<p>[\/et_pb_text][et_pb_button button_url=&#8221;#&#8221; button_text=&#8221;Contactar a appmanteniclic@gmail.com&#8221; _builder_version=&#8221;4.15.1&#8243; custom_button=&#8221;on&#8221; button_text_size=&#8221;16px&#8221; button_text_color=&#8221;#ffffff&#8221; button_bg_color=&#8221;#000000&#8243; button_border_width=&#8221;0px&#8221; button_border_radius=&#8221;4px&#8221; button_letter_spacing=&#8221;0px&#8221; button_font=&#8221;|700|||||||&#8221; custom_padding=&#8221;16px|30px|16px|30px|true|true&#8221; box_shadow_style=&#8221;preset3&#8243; box_shadow_vertical=&#8221;20px&#8221; box_shadow_blur=&#8221;40px&#8221; box_shadow_spread=&#8221;0px&#8221; locked=&#8221;off&#8221; global_colors_info=&#8221;{}&#8221;][\/et_pb_button][et_pb_social_media_follow use_icon_font_size=&#8221;on&#8221; icon_font_size=&#8221;22px&#8221; _builder_version=&#8221;4.15.1&#8243; border_radii=&#8221;on|100px|100px|100px|100px&#8221; border_width_all=&#8221;5px&#8221; border_color_all=&#8221;#ffffff&#8221; locked=&#8221;off&#8221; global_colors_info=&#8221;{}&#8221;][et_pb_social_media_follow_network social_network=&#8221;youtube&#8221; url=&#8221;https:\/\/www.youtube.com\/@TekaClic&#8221; icon_color=&#8221;#ff4f7c&#8221; use_icon_font_size=&#8221;on&#8221; _builder_version=&#8221;4.15.1&#8243; background_color=&#8221;#ffffff&#8221; background_enable_color=&#8221;on&#8221; box_shadow_style=&#8221;preset3&#8243; box_shadow_vertical=&#8221;40px&#8221; box_shadow_blur=&#8221;40px&#8221; box_shadow_color=&#8221;rgba(0,0,0,0.2)&#8221; global_colors_info=&#8221;{}&#8221; follow_button=&#8221;off&#8221; url_new_window=&#8221;on&#8221;]youtube[\/et_pb_social_media_follow_network][et_pb_social_media_follow_network social_network=&#8221;instagram&#8221; url=&#8221;https:\/\/www.instagram.com\/teka.clic\/&#8221; _builder_version=&#8221;4.15.1&#8243; _module_preset=&#8221;default&#8221; background_color=&#8221;#ea2c59&#8243; global_colors_info=&#8221;{}&#8221; follow_button=&#8221;off&#8221; url_new_window=&#8221;on&#8221;]instagram[\/et_pb_social_media_follow_network][\/et_pb_social_media_follow][\/et_pb_column][\/et_pb_row][\/et_pb_section]<\/p>\n","protected":false},"excerpt":{"rendered":"<p>Manteniclic Gesti\u00f3n de mantenimiento con tan solo un \u00a1clic!Con manteniclic toda la informaci\u00f3n de mantenimiento estar\u00e1 simpre organizada, gracias a su gesti\u00f3n \u00e1gil de reportes y actividades mediante el uso de im\u00e1genes, v\u00eddeos e inteligencia artificial, que te permitir\u00e1n el r\u00e1pido y preciso acceso a la informaci\u00f3n.Manteniclic est\u00e1 optimizado para solicitar informaci\u00f3n necesaria y acelerar [&hellip;]<\/p>\n","protected":false},"author":1,"featured_media":0,"parent":0,"menu_order":0,"comment_status":"closed","ping_status":"closed","template":"","meta":{"_et_pb_use_builder":"on","_et_pb_old_content":"","_et_gb_content_width":"","footnotes":""},"class_list":["post-7","page","type-page","status-publish","hentry"],"_links":{"self":[{"href":"https:\/\/manteniclic.tekaclic.com\/index.php?rest_route=\/wp\/v2\/pages\/7","targetHints":{"allow":["GET"]}}],"collection":[{"href":"https:\/\/manteniclic.tekaclic.com\/index.php?rest_route=\/wp\/v2\/pages"}],"about":[{"href":"https:\/\/manteniclic.tekaclic.com\/index.php?rest_route=\/wp\/v2\/types\/page"}],"author":[{"embeddable":true,"href":"https:\/\/manteniclic.tekaclic.com\/index.php?rest_route=\/wp\/v2\/users\/1"}],"replies":[{"embeddable":true,"href":"https:\/\/manteniclic.tekaclic.com\/index.php?rest_route=%2Fwp%2Fv2%2Fcomments&post=7"}],"version-history":[{"count":33,"href":"https:\/\/manteniclic.tekaclic.com\/index.php?rest_route=\/wp\/v2\/pages\/7\/revisions"}],"predecessor-version":[{"id":93,"href":"https:\/\/manteniclic.tekaclic.com\/index.php?rest_route=\/wp\/v2\/pages\/7\/revisions\/93"}],"wp:attachment":[{"href":"https:\/\/manteniclic.tekaclic.com\/index.php?rest_route=%2Fwp%2Fv2%2Fmedia&parent=7"}],"curies":[{"name":"wp","href":"https:\/\/api.w.org\/{rel}","templated":true}]}}